{"id":1670,"date":"2024-03-14T11:05:15","date_gmt":"2024-03-14T10:05:15","guid":{"rendered":"https:\/\/archiv.summerwinds.de\/summerwinds2022\/?page_id=1670"},"modified":"2024-03-14T11:42:17","modified_gmt":"2024-03-14T10:42:17","slug":"konzerte-2024","status":"publish","type":"page","link":"https:\/\/archiv.summerwinds.de\/summerwinds2022\/konzerte-2024\/","title":{"rendered":"Konzerte 2024"},"content":{"rendered":"\n<h2 class=\"wp-block-heading\">Die n\u00e4chste Ausgabe der Summerwinds findet mit rund 40 Konzerten vom 21. Juni bis 1. September 2024 statt!<\/h2>\n\n\n\n<p>Vom 21. bis 23. Juni gibt es beim BlockBuster in M\u00fcnster eine Blockfl\u00f6tenausstellung, Workhops, Kurzkonzerte und Abendkonzerte mit spannenden Solist:innen.<\/p>\n\n\n\n<p>Das Programm ist ab Mitte April online.<\/p>\n\n\n\n<p>M\u00f6chten Sie stets \u00fcber alle Neuigkeiten informiert bleiben und benachrichtigt werden, sobald das Programm ver\u00f6ffentlicht wurde? Dann abonnieren Sie unseren GWK-Newsletter:<\/p>\n\n\n\n<div class=\"wp-block-buttons is-layout-flex wp-block-buttons-is-layout-flex\">\n<div class=\"wp-block-button is-style-primary\"><a class=\"wp-block-button__link wp-element-button\" href=\"https:\/\/www.gwk-online.de\/newsletter\">Zur Newsletter-Anmeldung<\/a><\/div>\n<\/div>\n","protected":false},"excerpt":{"rendered":"<p>Die n\u00e4chste Ausgabe der Summerwinds findet mit rund 40 Konzerten vom 21. Juni bis 1. September 2024 statt! Vom 21. bis 23. Juni gibt es beim BlockBuster in M\u00fcnster eine Blockfl\u00f6tenausstellung, Workhops, Kurzkonzerte und Abendkonzerte mit spannenden Solist:innen. Das Programm ist ab Mitte April online. M\u00f6chten Sie stets \u00fcber alle Neuigkeiten informiert bleiben und benachrichtigt&#8230;<a class=\"readmorelink link_with_chevron\" href=\"https:\/\/archiv.summerwinds.de\/summerwinds2022\/konzerte-2024\/\">mehr<\/a><\/p>\n","protected":false},"author":1,"featured_media":0,"parent":0,"menu_order":0,"comment_status":"closed","ping_status":"closed","template":"","meta":{"neve_meta_sidebar":"","neve_meta_container":"","neve_meta_enable_content_width":"","neve_meta_content_width":0,"neve_meta_title_alignment":"","neve_meta_author_avatar":"","neve_post_elements_order":"","neve_meta_disable_header":"","neve_meta_disable_footer":"","neve_meta_disable_title":"","ngg_post_thumbnail":0,"footnotes":""},"class_list":["post-1670","page","type-page","status-publish","hentry"],"acf":[],"yoast_head":"<!-- This site is optimized with the Yoast SEO plugin v19.1 - https:\/\/yoast.com\/wordpress\/plugins\/seo\/ -->\n<title>Konzerte 2024 - summerwinds m\u00fcnsterland<\/title>\n<meta name=\"robots\" content=\"index, follow, max-snippet:-1, max-image-preview:large, max-video-preview:-1\" \/>\n<link rel=\"canonical\" href=\"https:\/\/archiv.summerwinds.de\/summerwinds2022\/konzerte-2024\/\" \/>\n<meta property=\"og:locale\" content=\"de_DE\" \/>\n<meta property=\"og:type\" content=\"article\" \/>\n<meta property=\"og:title\" content=\"Konzerte 2024 - summerwinds m\u00fcnsterland\" \/>\n<meta property=\"og:description\" content=\"Die n\u00e4chste Ausgabe der Summerwinds findet mit rund 40 Konzerten vom 21. Juni bis 1. September 2024 statt! Vom 21. bis 23. Juni gibt es beim BlockBuster in M\u00fcnster eine Blockfl\u00f6tenausstellung, Workhops, Kurzkonzerte und Abendkonzerte mit spannenden Solist:innen. Das Programm ist ab Mitte April online. M\u00f6chten Sie stets \u00fcber alle Neuigkeiten informiert bleiben und benachrichtigt...mehr\" \/>\n<meta property=\"og:url\" content=\"https:\/\/archiv.summerwinds.de\/summerwinds2022\/konzerte-2024\/\" \/>\n<meta property=\"og:site_name\" content=\"summerwinds m\u00fcnsterland\" \/>\n<meta property=\"article:publisher\" content=\"https:\/\/www.facebook.com\/summerwinds.de\/\" \/>\n<meta property=\"article:modified_time\" content=\"2024-03-14T10:42:17+00:00\" \/>\n<meta name=\"twitter:card\" content=\"summary_large_image\" \/>\n<script type=\"application\/ld+json\" class=\"yoast-schema-graph\">{\"@context\":\"https:\/\/schema.org\",\"@graph\":[{\"@type\":\"Organization\",\"@id\":\"https:\/\/archiv.summerwinds.de\/summerwinds2022\/#organization\",\"name\":\"summerwinds m\u00fcnsterland\",\"url\":\"https:\/\/archiv.summerwinds.de\/summerwinds2022\/\",\"sameAs\":[\"https:\/\/www.facebook.com\/summerwinds.de\/\"],\"logo\":{\"@type\":\"ImageObject\",\"inLanguage\":\"de\",\"@id\":\"https:\/\/archiv.summerwinds.de\/summerwinds2022\/#\/schema\/logo\/image\/\",\"url\":\"https:\/\/www.summerwinds.de\/wp-content\/uploads\/2022\/02\/logo_sw_mobil.png\",\"contentUrl\":\"https:\/\/www.summerwinds.de\/wp-content\/uploads\/2022\/02\/logo_sw_mobil.png\",\"width\":321,\"height\":120,\"caption\":\"summerwinds m\u00fcnsterland\"},\"image\":{\"@id\":\"https:\/\/archiv.summerwinds.de\/summerwinds2022\/#\/schema\/logo\/image\/\"}},{\"@type\":\"WebSite\",\"@id\":\"https:\/\/archiv.summerwinds.de\/summerwinds2022\/#website\",\"url\":\"https:\/\/archiv.summerwinds.de\/summerwinds2022\/\",\"name\":\"summerwinds m\u00fcnsterland\",\"description\":\"Europas Holzbl\u00e4serfestival\",\"publisher\":{\"@id\":\"https:\/\/archiv.summerwinds.de\/summerwinds2022\/#organization\"},\"potentialAction\":[{\"@type\":\"SearchAction\",\"target\":{\"@type\":\"EntryPoint\",\"urlTemplate\":\"https:\/\/archiv.summerwinds.de\/summerwinds2022\/?s={search_term_string}\"},\"query-input\":\"required name=search_term_string\"}],\"inLanguage\":\"de\"},{\"@type\":\"WebPage\",\"@id\":\"https:\/\/archiv.summerwinds.de\/summerwinds2022\/konzerte-2024\/#webpage\",\"url\":\"https:\/\/archiv.summerwinds.de\/summerwinds2022\/konzerte-2024\/\",\"name\":\"Konzerte 2024 - summerwinds m\u00fcnsterland\",\"isPartOf\":{\"@id\":\"https:\/\/archiv.summerwinds.de\/summerwinds2022\/#website\"},\"datePublished\":\"2024-03-14T10:05:15+00:00\",\"dateModified\":\"2024-03-14T10:42:17+00:00\",\"breadcrumb\":{\"@id\":\"https:\/\/archiv.summerwinds.de\/summerwinds2022\/konzerte-2024\/#breadcrumb\"},\"inLanguage\":\"de\",\"potentialAction\":[{\"@type\":\"ReadAction\",\"target\":[\"https:\/\/archiv.summerwinds.de\/summerwinds2022\/konzerte-2024\/\"]}]},{\"@type\":\"BreadcrumbList\",\"@id\":\"https:\/\/archiv.summerwinds.de\/summerwinds2022\/konzerte-2024\/#breadcrumb\",\"itemListElement\":[{\"@type\":\"ListItem\",\"position\":1,\"name\":\"Startseite\",\"item\":\"https:\/\/archiv.summerwinds.de\/summerwinds2022\/\"},{\"@type\":\"ListItem\",\"position\":2,\"name\":\"Konzerte 2024\"}]}]}<\/script>\n<!-- \/ Yoast SEO plugin. -->","yoast_head_json":{"title":"Konzerte 2024 - summerwinds m\u00fcnsterland","robots":{"index":"index","follow":"follow","max-snippet":"max-snippet:-1","max-image-preview":"max-image-preview:large","max-video-preview":"max-video-preview:-1"},"canonical":"https:\/\/archiv.summerwinds.de\/summerwinds2022\/konzerte-2024\/","og_locale":"de_DE","og_type":"article","og_title":"Konzerte 2024 - summerwinds m\u00fcnsterland","og_description":"Die n\u00e4chste Ausgabe der Summerwinds findet mit rund 40 Konzerten vom 21. Juni bis 1. September 2024 statt! Vom 21. bis 23. Juni gibt es beim BlockBuster in M\u00fcnster eine Blockfl\u00f6tenausstellung, Workhops, Kurzkonzerte und Abendkonzerte mit spannenden Solist:innen. Das Programm ist ab Mitte April online. M\u00f6chten Sie stets \u00fcber alle Neuigkeiten informiert bleiben und benachrichtigt...mehr","og_url":"https:\/\/archiv.summerwinds.de\/summerwinds2022\/konzerte-2024\/","og_site_name":"summerwinds m\u00fcnsterland","article_publisher":"https:\/\/www.facebook.com\/summerwinds.de\/","article_modified_time":"2024-03-14T10:42:17+00:00","twitter_card":"summary_large_image","schema":{"@context":"https:\/\/schema.org","@graph":[{"@type":"Organization","@id":"https:\/\/archiv.summerwinds.de\/summerwinds2022\/#organization","name":"summerwinds m\u00fcnsterland","url":"https:\/\/archiv.summerwinds.de\/summerwinds2022\/","sameAs":["https:\/\/www.facebook.com\/summerwinds.de\/"],"logo":{"@type":"ImageObject","inLanguage":"de","@id":"https:\/\/archiv.summerwinds.de\/summerwinds2022\/#\/schema\/logo\/image\/","url":"https:\/\/www.summerwinds.de\/wp-content\/uploads\/2022\/02\/logo_sw_mobil.png","contentUrl":"https:\/\/www.summerwinds.de\/wp-content\/uploads\/2022\/02\/logo_sw_mobil.png","width":321,"height":120,"caption":"summerwinds m\u00fcnsterland"},"image":{"@id":"https:\/\/archiv.summerwinds.de\/summerwinds2022\/#\/schema\/logo\/image\/"}},{"@type":"WebSite","@id":"https:\/\/archiv.summerwinds.de\/summerwinds2022\/#website","url":"https:\/\/archiv.summerwinds.de\/summerwinds2022\/","name":"summerwinds m\u00fcnsterland","description":"Europas Holzbl\u00e4serfestival","publisher":{"@id":"https:\/\/archiv.summerwinds.de\/summerwinds2022\/#organization"},"potentialAction":[{"@type":"SearchAction","target":{"@type":"EntryPoint","urlTemplate":"https:\/\/archiv.summerwinds.de\/summerwinds2022\/?s={search_term_string}"},"query-input":"required name=search_term_string"}],"inLanguage":"de"},{"@type":"WebPage","@id":"https:\/\/archiv.summerwinds.de\/summerwinds2022\/konzerte-2024\/#webpage","url":"https:\/\/archiv.summerwinds.de\/summerwinds2022\/konzerte-2024\/","name":"Konzerte 2024 - summerwinds m\u00fcnsterland","isPartOf":{"@id":"https:\/\/archiv.summerwinds.de\/summerwinds2022\/#website"},"datePublished":"2024-03-14T10:05:15+00:00","dateModified":"2024-03-14T10:42:17+00:00","breadcrumb":{"@id":"https:\/\/archiv.summerwinds.de\/summerwinds2022\/konzerte-2024\/#breadcrumb"},"inLanguage":"de","potentialAction":[{"@type":"ReadAction","target":["https:\/\/archiv.summerwinds.de\/summerwinds2022\/konzerte-2024\/"]}]},{"@type":"BreadcrumbList","@id":"https:\/\/archiv.summerwinds.de\/summerwinds2022\/konzerte-2024\/#breadcrumb","itemListElement":[{"@type":"ListItem","position":1,"name":"Startseite","item":"https:\/\/archiv.summerwinds.de\/summerwinds2022\/"},{"@type":"ListItem","position":2,"name":"Konzerte 2024"}]}]}},"_links":{"self":[{"href":"https:\/\/archiv.summerwinds.de\/summerwinds2022\/wp-json\/wp\/v2\/pages\/1670","targetHints":{"allow":["GET"]}}],"collection":[{"href":"https:\/\/archiv.summerwinds.de\/summerwinds2022\/wp-json\/wp\/v2\/pages"}],"about":[{"href":"https:\/\/archiv.summerwinds.de\/summerwinds2022\/wp-json\/wp\/v2\/types\/page"}],"author":[{"embeddable":true,"href":"https:\/\/archiv.summerwinds.de\/summerwinds2022\/wp-json\/wp\/v2\/users\/1"}],"replies":[{"embeddable":true,"href":"https:\/\/archiv.summerwinds.de\/summerwinds2022\/wp-json\/wp\/v2\/comments?post=1670"}],"version-history":[{"count":2,"href":"https:\/\/archiv.summerwinds.de\/summerwinds2022\/wp-json\/wp\/v2\/pages\/1670\/revisions"}],"predecessor-version":[{"id":1687,"href":"https:\/\/archiv.summerwinds.de\/summerwinds2022\/wp-json\/wp\/v2\/pages\/1670\/revisions\/1687"}],"wp:attachment":[{"href":"https:\/\/archiv.summerwinds.de\/summerwinds2022\/wp-json\/wp\/v2\/media?parent=1670"}],"curies":[{"name":"wp","href":"https:\/\/api.w.org\/{rel}","templated":true}]}}