{"id":64,"date":"2021-10-07T17:26:50","date_gmt":"2021-10-07T15:26:50","guid":{"rendered":"https:\/\/archiv.summerwinds.de\/summerwinds2022\/?page_id=64"},"modified":"2022-05-26T17:49:30","modified_gmt":"2022-05-26T15:49:30","slug":"festival","status":"publish","type":"page","link":"https:\/\/archiv.summerwinds.de\/summerwinds2022\/festival\/","title":{"rendered":"Das Festival"},"content":{"rendered":"<div class=\"wp-block-image is-style-default\">\n<figure class=\"alignright size-large is-resized\"><img loading=\"lazy\" decoding=\"async\" src=\"https:\/\/archiv.summerwinds.de\/summerwinds2022\/wp-content\/uploads\/2022\/05\/SchulteSusanne24_cGWK-1024x715.jpg\" alt=\"\" class=\"wp-image-1591\" width=\"512\" height=\"358\" srcset=\"https:\/\/archiv.summerwinds.de\/summerwinds2022\/wp-content\/uploads\/2022\/05\/SchulteSusanne24_cGWK-1024x715.jpg 1024w, https:\/\/archiv.summerwinds.de\/summerwinds2022\/wp-content\/uploads\/2022\/05\/SchulteSusanne24_cGWK-300x210.jpg 300w, https:\/\/archiv.summerwinds.de\/summerwinds2022\/wp-content\/uploads\/2022\/05\/SchulteSusanne24_cGWK-768x537.jpg 768w, https:\/\/archiv.summerwinds.de\/summerwinds2022\/wp-content\/uploads\/2022\/05\/SchulteSusanne24_cGWK.jpg 1500w\" sizes=\"auto, (max-width: 512px) 100vw, 512px\" \/><\/figure>\n<\/div>\n\n\n<p><strong>Liebe Musikfreunde und -freundinnen,<\/strong><\/p>\n\n\n\n<p>zum sechsten Mal darf ich Sie, auch im Namen unserer mehr als 50 Partner vor Ort, zu einem internationalen Musikfest einladen, das in Europa einzigartig ist. Wie nirgends sonst stehen bei Summerwinds wieder die Holzbl\u00e4ser:innen im Fokus, in 50 hochkar\u00e4tigen Konzerten an 43 attraktiven Spielorten im M\u00fcnsterLand, zehn Sommerwochen lang.<\/p>\n\n\n\n<p><strong>Internationale Interpret:innen<\/strong><\/p>\n\n\n\n<p>International gastierende Solist:innen und Ensembles, Gro\u00dfe Namen wie auch Rising Stars und solche, die noch ein Geheimtipp sind, er\u00f6ffnen die reichen Klangwelten der <em>woodwinds.<\/em> In herk\u00f6mmlichen und experimentellen Ensemblekonstellationen sind Vielfalt, Farbigkeit und Kreativit\u00e4t der Holzbl\u00e4serszene zu erleben. Reine Holzbl\u00e4ser- und gemischte Kammermusik-Ensembles treten auf, vom Duo bis zum Nonett, herausragende Solist:innen kommen, Bands und Orchester.<\/p>\n\n\n\n<p>Die mehr als 300 Musiker:innen, die eingeladen sind, stammen aus zahlreichen Heimaten oder haben ihre Homebase in Deutschland oder im Ausland. Die meisten von ihnen sind, in normalen Zeiten, h\u00e4ufig auf Achse, unterwegs zu Konzerten rund um die Welt, zum Beispiel von Kopenhagen oder Tel Aviv, New York oder Chi\u0219in\u0103u, Berlin oder Shanghai aus, von Flugh\u00e4fen und Bahnh\u00f6fen in Russland oder der Ukraine \u2026<\/p>\n\n\n\n<p><strong>Vielfalt der Musiken und Stile<\/strong><\/p>\n\n\n\n<p>Fast in jedem Ensemble, das bei uns zu Gast ist, spielen Musiker:innen mit verschiedenen P\u00e4ssen, verschiedenen sozialen und kulturellen Hintergr\u00fcnden. Ja, das Sch\u00f6nste und Spannendste entsteht gerade dort, wo K\u00fcnstlerpers\u00f6nlichkeiten unterschiedlichen Charakters, diverser Herkunft und kultureller Pr\u00e4gung sich finden, um einen gemeinsamen Klang und eine gemeinsame Idee zu suchen. Zudem sind fast alle, die auftreten werden, nicht mit einer einzigen Musik nur aufgewachsen, sondern inmitten der Vielfalt der Stile und Styles, der Richtungen und Kulturen, die unsere westliche Gesellschaft heute auszeichnet und die wir alle per Knopfdruck und Wischen jederzeit abrufen und erleben k\u00f6nnen. Das beeinflusst nat\u00fcrlich die Zusammenstellung der Konzertprogramme, die Art und Weise des Auftritts der K\u00fcnstler:innen und auch die Arbeit der Komponist:innen.&nbsp;&nbsp;&nbsp;<\/p>\n\n\n\n<p><strong>Tradition mit Innovation<\/strong><\/p>\n\n\n\n<p>Welchem Genre die Musik, die bei Summerwinds zu h\u00f6ren ist, angeh\u00f6rt, kann man nicht immer eindeutig benennen. So sind die Begriffe \u201eKlassik\u201c, \u201eCrossover\u201c oder \u201eWeltmusik\u201c gegebenenfalls nur ein allererstes und oberfl\u00e4chliches Etikett f\u00fcr das, was auf der B\u00fchne gespielt wird und fasziniert. &nbsp;&nbsp;&nbsp;<\/p>\n\n\n\n<p>Was denn definiert ein sog. \u201eklassisches\u201c Werk: die Instrumentierung, eine bestimmte Formensprache, die Tradition, in die es sich stellt, dass seine Noten exakt notiert sind und genauso aufgef\u00fchrt werden m\u00fcssen, wie es dasteht, oder dass ein St\u00fcck schlichtweg nicht so klingt, als w\u00e4re es in unserer Zeit geschrieben? Doch es gibt ja \u201eKlassik\u201c, die heute entsteht und die aus einem Lebensgef\u00fchl kommt, das f\u00fcr uns ganz zeitgen\u00f6ssisch ist. Klassik, die nicht selten Folklore oder Pop, Rock, Blues, Funk, Jazz oder anderes in sich aufgenommen hat. Wir haben sie im Programm: St\u00fccke, die verstehbar sind und packen. Unsere Welt!<\/p>\n\n\n\n<p>Und in dem, was wir \u201eCrossover\u201c nennen w\u00fcrden<em>,<\/em> kreuzt sich bei Summerwinds nicht einfach \u201eKlassik\u201c mit Pop oder Jazz. Vielmehr entsteht mit jedem famosen Interpreten und Ensemble etwas Neues eigener Art, sehr Individuelles, Originelles \u2013 in Auseinandersetzung mit den tradierten und mit aktuellen Musiken. \u00c4hnliches gilt, besonders im Hinblick auf die Musikkulturen des Orients, Afrikas und Asiens, f\u00fcr die \u201eWeltmusik\u201c.<\/p>\n\n\n\n<p>Nichts andres mithin als ihre Vorg\u00e4nger:innen die Jahrhunderte hindurch taten, tun diese Musiker:innen und Komponist:innen heute. Das aber ist nicht Diebstahl in unlauterer Absicht, keine kulturelle An- oder Enteignung. Wo sie etwas in ihrer Musik haben, das wir aus westeurop\u00e4isch-konservativer Perspektive oder aus Sicht der \u201eKlassik\u201c als \u201efremd\u201c oder \u201eanders\u201c bezeichnen w\u00fcrden, haben sie es nicht okkupiert und als Dekoration \u00fcbernommen, sondern sich anverwandelt \u2013 aus und in Wertsch\u00e4tzung des Fremden, das sie mit offenen Ohren h\u00f6ren und mit dem sie sich verbinden m\u00f6chten.<\/p>\n\n\n\n<p><strong>Ohr, Seele und Verstand<\/strong><\/p>\n\n\n\n<p>Unsere Interpret:innen zeichnet, neben \u00fcberragendem K\u00f6nnen, ihre Kraft und Inspiriertheit sowie ihre enorme B\u00fchnenpr\u00e4senz aus. Auch deshalb sprechen ihre Auftritte emotional und intellektuell an. Niemals wird nur f\u00fcr den Kopf musiziert, und nichts steht auf dem Programm, das, blo\u00df ausgedacht, nicht dem Wunsch nach subjektivem Ausdruck folgte. Ohr und Herz sind immer im Spiel \u2013 und durch die Seele der Verstand.<\/p>\n\n\n\n<p>Und, ja, es geht um Genuss. Doch es geht dabei immer um so viel mehr: um Existenzielles n\u00e4mlich, auch um Kommunikation. Es geht um Ber\u00fchrt- und Ersch\u00fcttert-Werden durch die Musik. Um unsere Antwort auf sie, um Resonanz. Daf\u00fcr aber ist es egal, wann sie entstanden ist, ob heute oder vor 500 Jahren. Musik spricht und ruft uns \u00fcber die Zeiten hinweg an. So wollen die Summerwinds den ganzen Menschen an- und durchwehen, auch und gerade dort, wo Musik, die im 20. und 21. Jahrhundert komponiert wurde, erklingt, dreimal sogar als Urauff\u00fchrung.<\/p>\n\n\n\n<p>Nicht allein die Konzerte, schon die Summerwinds-Spielorte ber\u00fchren: Burgen und Schl\u00f6sser, Herren- und Gutshaus, Kirchen, ehemalige Kl\u00f6ster, Museen, Theater. Auratische R\u00e4ume, coole Venues und inspirierende S\u00e4le: Oasen sie alle, die einladen, dort Musik zu erleben.<\/p>\n\n\n\n<p>Musik <em>live <\/em>zu erleben \u2013 und sich eine Auszeit vom Alltag und vom Subjekt zu nehmen. Musik live zu erleben \u2013 und die Ohren zu \u00f6ffnen: um mit der Musik-unserer<em>&#8211;<\/em>Zeit-aus-Gestern-und-Heute ganz Mensch zu werden. Damit die Welt anhebe zu singen. Und, nein, man vergisst sie dann gerade nicht, ihre Schrecken, die Sorgen, die Zerst\u00f6rungen, das Wollen und das Misslingen, die Erfolge des Alltags-Ichs. Denn sie erstehen, wie ihre Sch\u00f6nheit und ihre Verlockungen, das Gl\u00fcck, in der Musik. Jedoch verwandelt. Solche Musik zu erleben, verwandelt uns \u2013 und befreit \u2026 &nbsp;&nbsp;&nbsp;<\/p>\n\n\n\n<p><strong>Resonanz und Gl\u00fcck<\/strong><\/p>\n\n\n\n<p>Sie wirklich zu h\u00f6ren, sich \u00f6ffnen und ber\u00fchren zu lassen von der Musik hei\u00dft, sich verwandeln zu lassen und in Resonanz zu treten mit der Musik und durch sie mit der Welt. Und durch die Musik in Resonanz zu sein mit den Interpret:innen auf der B\u00fchne \u2013 darin aber zugleich mit sich selbst.<\/p>\n\n\n\n<p>Wer je ein Konzert gl\u00fccklich und erf\u00fcllt verlie\u00df, ist mit diesem Resonanz-Erlebnis vertraut und w\u00fcnscht es sich immer wieder. Dann sind die Musiker:innen auf der B\u00fchne nicht einfach aufgetreten, und man hat sie gesehn und sich angeh\u00f6rt, sondern<em> ich<\/em> habe sie wirklich geh\u00f6rt, ihnen hellwach zu- und, antwortend, ihnen angeh\u00f6rt. Und, im sch\u00f6nsten Fall, geschieht mit den andern Konzertg\u00e4sten dasselbe. Inspiriert, geben wir uns selbst an die Musiker:innen auf der B\u00fchne zur\u00fcck: ein magisches Hin-und-Her entsteht in einem einzigen Raum fokussierter Aufmerksamkeit und Energie. Gemeinsam sind wir miteinander in Resonanz, machen wir die Musik, die uns in diesem Moment durchlebt, indem wir sie gerade nicht machen, sondern indem wir sie geschehen lassen. Denn dass es geschieht, liegt nicht in unserer Macht: Der Moment der Inspiration und des Gl\u00fccks ist unverf\u00fcgbar, f\u00fcr die Musiker:innen wie f\u00fcr die H\u00f6renden.<\/p>\n\n\n\n<p>Kein Stream, keine auditive Konserve kann dieses Gl\u00fcck, dieses vitale Zwischen, erzeugen, das, wenn es entsteht, auf der Welt jeweils einmalig ist. Kein Bildschirm-Konzert schenkt diese Kraft, von der man tagelang zehren kann.<\/p>\n\n\n\n<p>Im Erlebnis der Musik suspendieren wir das Subjekt und finden uns in einem anderen, lebendigen Weltverh\u00e4ltnis wieder. Finden wir darin unser eigentliches Ich? Hartmut Rosa, einer der derzeit meistrezipierten Soziologen, hat das Alltags-Subjekt so skizziert: \u201eIndem wir Sp\u00e4tmodernen auf allen Ebenen \u2013 individuell, kulturell, institutionell und strukturell \u2013 auf die Verf\u00fcgbarmachung von Welt zielen, begegnet uns die Welt stets als \u201aAggressionspunkt\u2018 oder als Serie von Aggressionspunkten, das hei\u00dft von Objekten, die es zu wissen, zu erreichen, zu erobern, zu beherrschen oder zu nutzen gilt, und genau dadurch scheint sich uns das \u201aLeben\u2018, das, was die Erfahrung von Lebendigkeit und von Begegnung ausmacht \u2013 das, was Resonanz erm\u00f6glicht \u2013, zu entziehen, was wiederum zu Angst, Frust, Wut, ja Verzweiflung f\u00fchrt, die sich dann unter anderem in ohnm\u00e4chtigem politischem Aggressionsverhalten niederschlagen.\u201c (Rosa: Unverf\u00fcgbarkeit. Wien-Salzburg 2020)<\/p>\n\n\n\n<p>Aus diesem repulsiven Weltverh\u00e4ltnis befreit die Resonanz-Erfahrung eines inspirierten Konzerts. Was wir in solchen Momenten als Gl\u00fcck, \u201eals Sch\u00f6nheit erfahren, ist die zum Ausdruck gebrachte M\u00f6glichkeit einer resonanten Weltbeziehung, die M\u00f6glichkeit einer Art des In-der-Welt-Seins, in der Subjekt und Welt einander antworten\u201c (Rosa: Resonanz. Eine Soziologie der Weltbeziehung. Berlin 2016), eines In-der-Welt-Seins, in dem das Leben gelingt und die Welt nicht stumm ist. In dem das Leben lebendig ist und die Welt singt.<\/p>\n\n\n\n<p>Doch zugleich liegt in dieser Konzert-Erfahrung, die eine reale Gl\u00fcckserfahrung ist, das Wissen verborgen, dass wir im Alltag wohl weiterhin einander, dass wir die andren und das Andere verstummen und zunichte machen, dass diese antwortende Weltbeziehung wohl insul\u00e4r und punktuell nur wirklich ist. So ist dem Gl\u00fcck der Musik immer auch die Entt\u00e4uschung, immer auch eine Trauer eigen. Doch was, wenn mit dem Gl\u00fcck die M\u00f6glichkeit eines anderen, resonanten Menschseins in den sch\u00f6nsten Momenten den Konzertsaal durchweht?<\/p>\n\n\n\n<p>H\u00e4lt das Gl\u00fcck der Musik die Sehnsucht nach Resonanz im \u201erichtigen Leben\u201c nicht wach? Fordert es nicht auf, offener zu h\u00f6ren, zu antworten, statt zur\u00fcckzuweisen, nicht stumm zu machen und nicht zu verstummen? Gibt ein erf\u00fcllendes Konzert daf\u00fcr nicht Kraft? Das w\u00e4re nicht wenig.<\/p>\n\n\n\n<p>Konzert-Gl\u00fcck w\u00fcnsche ich Ihnen!<\/p>\n\n\n\n<p>Ihre<\/p>\n\n\n\n<p>Susanne Schulte <a><\/a><\/p>\n\n\n\n<div style=\"height:40px\" aria-hidden=\"true\" id=\"impressionen\" class=\"wp-block-spacer\"><\/div>\n","protected":false},"excerpt":{"rendered":"<p>Liebe Musikfreunde und -freundinnen, zum sechsten Mal darf ich Sie, auch im Namen unserer mehr als 50 Partner vor Ort, zu einem internationalen Musikfest einladen, das in Europa einzigartig ist. Wie nirgends sonst stehen bei Summerwinds wieder die Holzbl\u00e4ser:innen im Fokus, in 50 hochkar\u00e4tigen Konzerten an 43 attraktiven Spielorten im M\u00fcnsterLand, zehn Sommerwochen lang. Internationale&#8230;<a class=\"readmorelink link_with_chevron\" href=\"https:\/\/archiv.summerwinds.de\/summerwinds2022\/festival\/\">mehr<\/a><\/p>\n","protected":false},"author":1,"featured_media":577,"parent":0,"menu_order":0,"comment_status":"closed","ping_status":"closed","template":"","meta":{"neve_meta_sidebar":"","neve_meta_container":"","neve_meta_enable_content_width":"","neve_meta_content_width":0,"neve_meta_title_alignment":"","neve_meta_author_avatar":"","neve_post_elements_order":"","neve_meta_disable_header":"","neve_meta_disable_footer":"","neve_meta_disable_title":"","ngg_post_thumbnail":0,"footnotes":""},"class_list":["post-64","page","type-page","status-publish","has-post-thumbnail","hentry"],"acf":[],"yoast_head":"<!-- This site is optimized with the Yoast SEO plugin v19.1 - https:\/\/yoast.com\/wordpress\/plugins\/seo\/ -->\n<title>Das Festival - summerwinds m\u00fcnsterland<\/title>\n<meta name=\"robots\" content=\"index, follow, max-snippet:-1, max-image-preview:large, max-video-preview:-1\" \/>\n<link rel=\"canonical\" href=\"https:\/\/archiv.summerwinds.de\/summerwinds2022\/festival\/\" \/>\n<meta property=\"og:locale\" content=\"de_DE\" \/>\n<meta property=\"og:type\" content=\"article\" \/>\n<meta property=\"og:title\" content=\"Das Festival - summerwinds m\u00fcnsterland\" \/>\n<meta property=\"og:description\" content=\"Liebe Musikfreunde und -freundinnen, zum sechsten Mal darf ich Sie, auch im Namen unserer mehr als 50 Partner vor Ort, zu einem internationalen Musikfest einladen, das in Europa einzigartig ist. Wie nirgends sonst stehen bei Summerwinds wieder die Holzbl\u00e4ser:innen im Fokus, in 50 hochkar\u00e4tigen Konzerten an 43 attraktiven Spielorten im M\u00fcnsterLand, zehn Sommerwochen lang. Internationale...mehr\" \/>\n<meta property=\"og:url\" content=\"https:\/\/archiv.summerwinds.de\/summerwinds2022\/festival\/\" \/>\n<meta property=\"og:site_name\" content=\"summerwinds m\u00fcnsterland\" \/>\n<meta property=\"article:publisher\" content=\"https:\/\/www.facebook.com\/summerwinds.de\/\" \/>\n<meta property=\"article:modified_time\" content=\"2022-05-26T15:49:30+00:00\" \/>\n<meta property=\"og:image\" content=\"https:\/\/archiv.summerwinds.de\/summerwinds2022\/wp-content\/uploads\/2022\/02\/summerwinds_headerbild.jpg\" \/>\n\t<meta property=\"og:image:width\" content=\"1186\" \/>\n\t<meta property=\"og:image:height\" content=\"490\" \/>\n\t<meta property=\"og:image:type\" content=\"image\/jpeg\" \/>\n<meta name=\"twitter:card\" content=\"summary_large_image\" \/>\n<meta name=\"twitter:label1\" content=\"Gesch\u00e4tzte Lesezeit\" \/>\n\t<meta name=\"twitter:data1\" content=\"8\u00a0Minuten\" \/>\n<script type=\"application\/ld+json\" class=\"yoast-schema-graph\">{\"@context\":\"https:\/\/schema.org\",\"@graph\":[{\"@type\":\"Organization\",\"@id\":\"https:\/\/archiv.summerwinds.de\/summerwinds2022\/#organization\",\"name\":\"summerwinds m\u00fcnsterland\",\"url\":\"https:\/\/archiv.summerwinds.de\/summerwinds2022\/\",\"sameAs\":[\"https:\/\/www.facebook.com\/summerwinds.de\/\"],\"logo\":{\"@type\":\"ImageObject\",\"inLanguage\":\"de\",\"@id\":\"https:\/\/archiv.summerwinds.de\/summerwinds2022\/#\/schema\/logo\/image\/\",\"url\":\"https:\/\/www.summerwinds.de\/wp-content\/uploads\/2022\/02\/logo_sw_mobil.png\",\"contentUrl\":\"https:\/\/www.summerwinds.de\/wp-content\/uploads\/2022\/02\/logo_sw_mobil.png\",\"width\":321,\"height\":120,\"caption\":\"summerwinds m\u00fcnsterland\"},\"image\":{\"@id\":\"https:\/\/archiv.summerwinds.de\/summerwinds2022\/#\/schema\/logo\/image\/\"}},{\"@type\":\"WebSite\",\"@id\":\"https:\/\/archiv.summerwinds.de\/summerwinds2022\/#website\",\"url\":\"https:\/\/archiv.summerwinds.de\/summerwinds2022\/\",\"name\":\"summerwinds m\u00fcnsterland\",\"description\":\"Europas Holzbl\u00e4serfestival\",\"publisher\":{\"@id\":\"https:\/\/archiv.summerwinds.de\/summerwinds2022\/#organization\"},\"potentialAction\":[{\"@type\":\"SearchAction\",\"target\":{\"@type\":\"EntryPoint\",\"urlTemplate\":\"https:\/\/archiv.summerwinds.de\/summerwinds2022\/?s={search_term_string}\"},\"query-input\":\"required name=search_term_string\"}],\"inLanguage\":\"de\"},{\"@type\":\"ImageObject\",\"inLanguage\":\"de\",\"@id\":\"https:\/\/archiv.summerwinds.de\/summerwinds2022\/festival\/#primaryimage\",\"url\":\"https:\/\/archiv.summerwinds.de\/summerwinds2022\/wp-content\/uploads\/2022\/02\/summerwinds_headerbild.jpg\",\"contentUrl\":\"https:\/\/archiv.summerwinds.de\/summerwinds2022\/wp-content\/uploads\/2022\/02\/summerwinds_headerbild.jpg\",\"width\":1186,\"height\":490},{\"@type\":\"WebPage\",\"@id\":\"https:\/\/archiv.summerwinds.de\/summerwinds2022\/festival\/#webpage\",\"url\":\"https:\/\/archiv.summerwinds.de\/summerwinds2022\/festival\/\",\"name\":\"Das Festival - summerwinds m\u00fcnsterland\",\"isPartOf\":{\"@id\":\"https:\/\/archiv.summerwinds.de\/summerwinds2022\/#website\"},\"primaryImageOfPage\":{\"@id\":\"https:\/\/archiv.summerwinds.de\/summerwinds2022\/festival\/#primaryimage\"},\"datePublished\":\"2021-10-07T15:26:50+00:00\",\"dateModified\":\"2022-05-26T15:49:30+00:00\",\"breadcrumb\":{\"@id\":\"https:\/\/archiv.summerwinds.de\/summerwinds2022\/festival\/#breadcrumb\"},\"inLanguage\":\"de\",\"potentialAction\":[{\"@type\":\"ReadAction\",\"target\":[\"https:\/\/archiv.summerwinds.de\/summerwinds2022\/festival\/\"]}]},{\"@type\":\"BreadcrumbList\",\"@id\":\"https:\/\/archiv.summerwinds.de\/summerwinds2022\/festival\/#breadcrumb\",\"itemListElement\":[{\"@type\":\"ListItem\",\"position\":1,\"name\":\"Startseite\",\"item\":\"https:\/\/archiv.summerwinds.de\/summerwinds2022\/\"},{\"@type\":\"ListItem\",\"position\":2,\"name\":\"Das Festival\"}]}]}<\/script>\n<!-- \/ Yoast SEO plugin. -->","yoast_head_json":{"title":"Das Festival - summerwinds m\u00fcnsterland","robots":{"index":"index","follow":"follow","max-snippet":"max-snippet:-1","max-image-preview":"max-image-preview:large","max-video-preview":"max-video-preview:-1"},"canonical":"https:\/\/archiv.summerwinds.de\/summerwinds2022\/festival\/","og_locale":"de_DE","og_type":"article","og_title":"Das Festival - summerwinds m\u00fcnsterland","og_description":"Liebe Musikfreunde und -freundinnen, zum sechsten Mal darf ich Sie, auch im Namen unserer mehr als 50 Partner vor Ort, zu einem internationalen Musikfest einladen, das in Europa einzigartig ist. Wie nirgends sonst stehen bei Summerwinds wieder die Holzbl\u00e4ser:innen im Fokus, in 50 hochkar\u00e4tigen Konzerten an 43 attraktiven Spielorten im M\u00fcnsterLand, zehn Sommerwochen lang. Internationale...mehr","og_url":"https:\/\/archiv.summerwinds.de\/summerwinds2022\/festival\/","og_site_name":"summerwinds m\u00fcnsterland","article_publisher":"https:\/\/www.facebook.com\/summerwinds.de\/","article_modified_time":"2022-05-26T15:49:30+00:00","og_image":[{"width":1186,"height":490,"url":"https:\/\/archiv.summerwinds.de\/summerwinds2022\/wp-content\/uploads\/2022\/02\/summerwinds_headerbild.jpg","type":"image\/jpeg"}],"twitter_card":"summary_large_image","twitter_misc":{"Gesch\u00e4tzte Lesezeit":"8\u00a0Minuten"},"schema":{"@context":"https:\/\/schema.org","@graph":[{"@type":"Organization","@id":"https:\/\/archiv.summerwinds.de\/summerwinds2022\/#organization","name":"summerwinds m\u00fcnsterland","url":"https:\/\/archiv.summerwinds.de\/summerwinds2022\/","sameAs":["https:\/\/www.facebook.com\/summerwinds.de\/"],"logo":{"@type":"ImageObject","inLanguage":"de","@id":"https:\/\/archiv.summerwinds.de\/summerwinds2022\/#\/schema\/logo\/image\/","url":"https:\/\/www.summerwinds.de\/wp-content\/uploads\/2022\/02\/logo_sw_mobil.png","contentUrl":"https:\/\/www.summerwinds.de\/wp-content\/uploads\/2022\/02\/logo_sw_mobil.png","width":321,"height":120,"caption":"summerwinds m\u00fcnsterland"},"image":{"@id":"https:\/\/archiv.summerwinds.de\/summerwinds2022\/#\/schema\/logo\/image\/"}},{"@type":"WebSite","@id":"https:\/\/archiv.summerwinds.de\/summerwinds2022\/#website","url":"https:\/\/archiv.summerwinds.de\/summerwinds2022\/","name":"summerwinds m\u00fcnsterland","description":"Europas Holzbl\u00e4serfestival","publisher":{"@id":"https:\/\/archiv.summerwinds.de\/summerwinds2022\/#organization"},"potentialAction":[{"@type":"SearchAction","target":{"@type":"EntryPoint","urlTemplate":"https:\/\/archiv.summerwinds.de\/summerwinds2022\/?s={search_term_string}"},"query-input":"required name=search_term_string"}],"inLanguage":"de"},{"@type":"ImageObject","inLanguage":"de","@id":"https:\/\/archiv.summerwinds.de\/summerwinds2022\/festival\/#primaryimage","url":"https:\/\/archiv.summerwinds.de\/summerwinds2022\/wp-content\/uploads\/2022\/02\/summerwinds_headerbild.jpg","contentUrl":"https:\/\/archiv.summerwinds.de\/summerwinds2022\/wp-content\/uploads\/2022\/02\/summerwinds_headerbild.jpg","width":1186,"height":490},{"@type":"WebPage","@id":"https:\/\/archiv.summerwinds.de\/summerwinds2022\/festival\/#webpage","url":"https:\/\/archiv.summerwinds.de\/summerwinds2022\/festival\/","name":"Das Festival - summerwinds m\u00fcnsterland","isPartOf":{"@id":"https:\/\/archiv.summerwinds.de\/summerwinds2022\/#website"},"primaryImageOfPage":{"@id":"https:\/\/archiv.summerwinds.de\/summerwinds2022\/festival\/#primaryimage"},"datePublished":"2021-10-07T15:26:50+00:00","dateModified":"2022-05-26T15:49:30+00:00","breadcrumb":{"@id":"https:\/\/archiv.summerwinds.de\/summerwinds2022\/festival\/#breadcrumb"},"inLanguage":"de","potentialAction":[{"@type":"ReadAction","target":["https:\/\/archiv.summerwinds.de\/summerwinds2022\/festival\/"]}]},{"@type":"BreadcrumbList","@id":"https:\/\/archiv.summerwinds.de\/summerwinds2022\/festival\/#breadcrumb","itemListElement":[{"@type":"ListItem","position":1,"name":"Startseite","item":"https:\/\/archiv.summerwinds.de\/summerwinds2022\/"},{"@type":"ListItem","position":2,"name":"Das Festival"}]}]}},"_links":{"self":[{"href":"https:\/\/archiv.summerwinds.de\/summerwinds2022\/wp-json\/wp\/v2\/pages\/64","targetHints":{"allow":["GET"]}}],"collection":[{"href":"https:\/\/archiv.summerwinds.de\/summerwinds2022\/wp-json\/wp\/v2\/pages"}],"about":[{"href":"https:\/\/archiv.summerwinds.de\/summerwinds2022\/wp-json\/wp\/v2\/types\/page"}],"author":[{"embeddable":true,"href":"https:\/\/archiv.summerwinds.de\/summerwinds2022\/wp-json\/wp\/v2\/users\/1"}],"replies":[{"embeddable":true,"href":"https:\/\/archiv.summerwinds.de\/summerwinds2022\/wp-json\/wp\/v2\/comments?post=64"}],"version-history":[{"count":31,"href":"https:\/\/archiv.summerwinds.de\/summerwinds2022\/wp-json\/wp\/v2\/pages\/64\/revisions"}],"predecessor-version":[{"id":1593,"href":"https:\/\/archiv.summerwinds.de\/summerwinds2022\/wp-json\/wp\/v2\/pages\/64\/revisions\/1593"}],"wp:featuredmedia":[{"embeddable":true,"href":"https:\/\/archiv.summerwinds.de\/summerwinds2022\/wp-json\/wp\/v2\/media\/577"}],"wp:attachment":[{"href":"https:\/\/archiv.summerwinds.de\/summerwinds2022\/wp-json\/wp\/v2\/media?parent=64"}],"curies":[{"name":"wp","href":"https:\/\/api.w.org\/{rel}","templated":true}]}}