{"id":654,"date":"2022-02-14T18:49:31","date_gmt":"2022-02-14T17:49:31","guid":{"rendered":"https:\/\/archiv.summerwinds.de\/summerwinds2022\/?page_id=654"},"modified":"2022-04-15T14:46:21","modified_gmt":"2022-04-15T12:46:21","slug":"impressum","status":"publish","type":"page","link":"https:\/\/archiv.summerwinds.de\/summerwinds2022\/impressum\/","title":{"rendered":"Impressum"},"content":{"rendered":"\n<h5 class=\"wp-block-heading\">Angaben gem\u00e4\u00df \u00a7 5 TMG<\/h5>\n\n\n\n<p>Gesellschaft zur F\u00f6rderung der Westf\u00e4lischen Kulturarbeit e.V.<br>F\u00fcrstenbergstra\u00dfe 14<br>48147 M\u00fcnster<\/p>\n\n\n\n<p>Vereinsregister: 1320<br>Registergericht: Amtsgericht M\u00fcnster<\/p>\n\n\n\n<p>Vertreten durch:<br>Vorstand: Dr. Barbara R\u00fcschoff-Parzinger (Vorsitzende), Dr. Patrick Tegeder (Stellv. Vorsitzender\/Schatzmeister) und Dr. Peter N\u00f6lke<\/p>\n\n\n\n<p>Gesch\u00e4ftsf\u00fchrerin: Dr. Susanne Schulte<\/p>\n\n\n\n<div style=\"height:20px\" aria-hidden=\"true\" class=\"wp-block-spacer\"><\/div>\n\n\n\n<p><strong>Kontakt<\/strong><\/p>\n\n\n\n<p>Telefon: 0251 591 30 41<br>Telefax: 0251 591 65 40<br>E-Mail:\u00a0<a href=\"mailto:info@gwk-online.de\">info@gwk-online.de<\/a><\/p>\n\n\n\n<div style=\"height:20px\" aria-hidden=\"true\" class=\"wp-block-spacer\"><\/div>\n\n\n\n<p><strong>Redaktionell Verantwortlicher<\/strong><\/p>\n\n\n\n<p>GWK \u2013 Gesellschaft zur F\u00f6rderung der Westf\u00e4lischen Kulturarbeit e.V.<br>Gesch\u00e4ftsf\u00fchrerin: Dr. Susanne Schulte<br>F\u00fcrstenbergstr. 14<br>48147 M\u00fcnster<\/p>\n\n\n\n<div style=\"height:20px\" aria-hidden=\"true\" class=\"wp-block-spacer\"><\/div>\n\n\n\n<p><strong>EU-Streitschlichtung<\/strong><\/p>\n\n\n\n<p>Die Europ\u00e4ische Kommission stellt eine Plattform zur Online-Streitbeilegung (OS) bereit: https:\/\/ec.europa.eu\/consumers\/odr\/.<br>Unsere E-Mail-Adresse finden Sie oben im Impressum.<\/p>\n\n\n\n<div style=\"height:20px\" aria-hidden=\"true\" class=\"wp-block-spacer\"><\/div>\n\n\n\n<p><strong>Verbraucher\u00adstreit\u00adbeilegung\/Universal\u00adschlichtungs\u00adstelle<\/strong><\/p>\n\n\n\n<p>Wir sind nicht bereit oder verpflichtet, an Streitbeilegungsverfahren vor einer Verbraucherschlichtungsstelle teilzunehmen.<\/p>\n\n\n\n<div style=\"height:20px\" aria-hidden=\"true\" class=\"wp-block-spacer\"><\/div>\n\n\n\n<p><strong>Haftung f\u00fcr Inhalte<\/strong><\/p>\n\n\n\n<p>Als Diensteanbieter sind wir gem\u00e4\u00df \u00a7 7 Abs.1 TMG f\u00fcr eigene Inhalte auf diesen Seiten nach den allgemeinen Gesetzen verantwortlich. Nach \u00a7\u00a7 8 bis 10 TMG sind wir als Diensteanbieter jedoch nicht verpflichtet, \u00fcbermittelte oder gespeicherte fremde Informationen zu \u00fcberwachen oder nach Umst\u00e4nden zu forschen, die auf eine rechtswidrige T\u00e4tigkeit hinweisen.<\/p>\n\n\n\n<p>Verpflichtungen zur Entfernung oder Sperrung der Nutzung von Informationen nach den allgemeinen Gesetzen bleiben hiervon unber\u00fchrt. Eine diesbez\u00fcgliche Haftung ist jedoch erst ab dem Zeitpunkt der Kenntnis einer konkreten Rechtsverletzung m\u00f6glich. Bei Bekanntwerden von entsprechenden Rechtsverletzungen werden wir diese Inhalte umgehend entfernen.<\/p>\n\n\n\n<div style=\"height:20px\" aria-hidden=\"true\" class=\"wp-block-spacer\"><\/div>\n\n\n\n<p><strong>Haftung f\u00fcr Links<\/strong><\/p>\n\n\n\n<p>Unser Angebot enth\u00e4lt Links zu externen Websites Dritter, auf deren Inhalte wir keinen Einfluss haben. Deshalb k\u00f6nnen wir f\u00fcr diese fremden Inhalte auch keine Gew\u00e4hr \u00fcbernehmen. F\u00fcr die Inhalte der verlinkten Seiten ist stets der jeweilige Anbieter oder Betreiber der Seiten verantwortlich. Die verlinkten Seiten wurden zum Zeitpunkt der Verlinkung auf m\u00f6gliche Rechtsverst\u00f6\u00dfe \u00fcberpr\u00fcft. Rechtswidrige Inhalte waren zum Zeitpunkt der Verlinkung nicht erkennbar.<\/p>\n\n\n\n<p>Eine permanente inhaltliche Kontrolle der verlinkten Seiten ist jedoch ohne konkrete Anhaltspunkte einer Rechtsverletzung nicht zumutbar. Bei Bekanntwerden von Rechtsverletzungen werden wir derartige Links umgehend entfernen.<\/p>\n\n\n\n<div style=\"height:20px\" aria-hidden=\"true\" class=\"wp-block-spacer\"><\/div>\n\n\n\n<p><strong>Urheberrecht<\/strong><\/p>\n\n\n\n<p>Die durch die Seitenbetreiber erstellten Inhalte und Werke auf diesen Seiten unterliegen dem deutschen Urheberrecht. Die Vervielf\u00e4ltigung, Bearbeitung, Verbreitung und jede Art der Verwertung au\u00dferhalb der Grenzen des Urheberrechtes bed\u00fcrfen der schriftlichen Zustimmung des jeweiligen Autors bzw. Erstellers. Downloads und Kopien dieser Seite sind nur f\u00fcr den privaten, nicht kommerziellen Gebrauch gestattet.<\/p>\n\n\n\n<p>Soweit die Inhalte auf dieser Seite nicht vom Betreiber erstellt wurden, werden die Urheberrechte Dritter beachtet. Insbesondere werden Inhalte Dritter als solche gekennzeichnet. Sollten Sie trotzdem auf eine Urheberrechtsverletzung aufmerksam werden, bitten wir um einen entsprechenden Hinweis. Bei Bekanntwerden von Rechtsverletzungen werden wir derartige Inhalte umgehend entfernen.<\/p>\n\n\n\n<p><em><small>Quelle: eRecht24<\/small><\/em><\/p>\n","protected":false},"excerpt":{"rendered":"<p>Angaben gem\u00e4\u00df \u00a7 5 TMG Gesellschaft zur F\u00f6rderung der Westf\u00e4lischen Kulturarbeit e.V.F\u00fcrstenbergstra\u00dfe 1448147 M\u00fcnster Vereinsregister: 1320Registergericht: Amtsgericht M\u00fcnster Vertreten durch:Vorstand: Dr. Barbara R\u00fcschoff-Parzinger (Vorsitzende), Dr. Patrick Tegeder (Stellv. Vorsitzender\/Schatzmeister) und Dr. Peter N\u00f6lke Gesch\u00e4ftsf\u00fchrerin: Dr. Susanne Schulte Kontakt Telefon: 0251 591 30 41Telefax: 0251 591 65 40E-Mail:\u00a0info@gwk-online.de Redaktionell Verantwortlicher GWK \u2013 Gesellschaft zur F\u00f6rderung der&#8230;<a class=\"readmorelink link_with_chevron\" href=\"https:\/\/archiv.summerwinds.de\/summerwinds2022\/impressum\/\">mehr<\/a><\/p>\n","protected":false},"author":1,"featured_media":0,"parent":0,"menu_order":0,"comment_status":"closed","ping_status":"closed","template":"","meta":{"neve_meta_sidebar":"","neve_meta_container":"","neve_meta_enable_content_width":"","neve_meta_content_width":0,"neve_meta_title_alignment":"","neve_meta_author_avatar":"","neve_post_elements_order":"","neve_meta_disable_header":"","neve_meta_disable_footer":"","neve_meta_disable_title":"","ngg_post_thumbnail":0,"footnotes":""},"class_list":["post-654","page","type-page","status-publish","hentry"],"acf":[],"yoast_head":"<!-- This site is optimized with the Yoast SEO plugin v19.1 - https:\/\/yoast.com\/wordpress\/plugins\/seo\/ -->\n<title>Impressum - summerwinds m\u00fcnsterland<\/title>\n<meta name=\"robots\" content=\"index, follow, max-snippet:-1, max-image-preview:large, max-video-preview:-1\" \/>\n<link rel=\"canonical\" href=\"https:\/\/archiv.summerwinds.de\/summerwinds2022\/impressum\/\" \/>\n<meta property=\"og:locale\" content=\"de_DE\" \/>\n<meta property=\"og:type\" content=\"article\" \/>\n<meta property=\"og:title\" content=\"Impressum - summerwinds m\u00fcnsterland\" \/>\n<meta property=\"og:description\" content=\"Angaben gem\u00e4\u00df \u00a7 5 TMG Gesellschaft zur F\u00f6rderung der Westf\u00e4lischen Kulturarbeit e.V.F\u00fcrstenbergstra\u00dfe 1448147 M\u00fcnster Vereinsregister: 1320Registergericht: Amtsgericht M\u00fcnster Vertreten durch:Vorstand: Dr. Barbara R\u00fcschoff-Parzinger (Vorsitzende), Dr. Patrick Tegeder (Stellv. Vorsitzender\/Schatzmeister) und Dr. Peter N\u00f6lke Gesch\u00e4ftsf\u00fchrerin: Dr. Susanne Schulte Kontakt Telefon: 0251 591 30 41Telefax: 0251 591 65 40E-Mail:\u00a0info@gwk-online.de Redaktionell Verantwortlicher GWK \u2013 Gesellschaft zur F\u00f6rderung der...mehr\" \/>\n<meta property=\"og:url\" content=\"https:\/\/archiv.summerwinds.de\/summerwinds2022\/impressum\/\" \/>\n<meta property=\"og:site_name\" content=\"summerwinds m\u00fcnsterland\" \/>\n<meta property=\"article:publisher\" content=\"https:\/\/www.facebook.com\/summerwinds.de\/\" \/>\n<meta property=\"article:modified_time\" content=\"2022-04-15T12:46:21+00:00\" \/>\n<meta name=\"twitter:card\" content=\"summary_large_image\" \/>\n<meta name=\"twitter:label1\" content=\"Gesch\u00e4tzte Lesezeit\" \/>\n\t<meta name=\"twitter:data1\" content=\"2\u00a0Minuten\" \/>\n<script type=\"application\/ld+json\" class=\"yoast-schema-graph\">{\"@context\":\"https:\/\/schema.org\",\"@graph\":[{\"@type\":\"Organization\",\"@id\":\"https:\/\/archiv.summerwinds.de\/summerwinds2022\/#organization\",\"name\":\"summerwinds m\u00fcnsterland\",\"url\":\"https:\/\/archiv.summerwinds.de\/summerwinds2022\/\",\"sameAs\":[\"https:\/\/www.facebook.com\/summerwinds.de\/\"],\"logo\":{\"@type\":\"ImageObject\",\"inLanguage\":\"de\",\"@id\":\"https:\/\/archiv.summerwinds.de\/summerwinds2022\/#\/schema\/logo\/image\/\",\"url\":\"https:\/\/www.summerwinds.de\/wp-content\/uploads\/2022\/02\/logo_sw_mobil.png\",\"contentUrl\":\"https:\/\/www.summerwinds.de\/wp-content\/uploads\/2022\/02\/logo_sw_mobil.png\",\"width\":321,\"height\":120,\"caption\":\"summerwinds m\u00fcnsterland\"},\"image\":{\"@id\":\"https:\/\/archiv.summerwinds.de\/summerwinds2022\/#\/schema\/logo\/image\/\"}},{\"@type\":\"WebSite\",\"@id\":\"https:\/\/archiv.summerwinds.de\/summerwinds2022\/#website\",\"url\":\"https:\/\/archiv.summerwinds.de\/summerwinds2022\/\",\"name\":\"summerwinds m\u00fcnsterland\",\"description\":\"Europas Holzbl\u00e4serfestival\",\"publisher\":{\"@id\":\"https:\/\/archiv.summerwinds.de\/summerwinds2022\/#organization\"},\"potentialAction\":[{\"@type\":\"SearchAction\",\"target\":{\"@type\":\"EntryPoint\",\"urlTemplate\":\"https:\/\/archiv.summerwinds.de\/summerwinds2022\/?s={search_term_string}\"},\"query-input\":\"required name=search_term_string\"}],\"inLanguage\":\"de\"},{\"@type\":\"WebPage\",\"@id\":\"https:\/\/archiv.summerwinds.de\/summerwinds2022\/impressum\/#webpage\",\"url\":\"https:\/\/archiv.summerwinds.de\/summerwinds2022\/impressum\/\",\"name\":\"Impressum - summerwinds m\u00fcnsterland\",\"isPartOf\":{\"@id\":\"https:\/\/archiv.summerwinds.de\/summerwinds2022\/#website\"},\"datePublished\":\"2022-02-14T17:49:31+00:00\",\"dateModified\":\"2022-04-15T12:46:21+00:00\",\"breadcrumb\":{\"@id\":\"https:\/\/archiv.summerwinds.de\/summerwinds2022\/impressum\/#breadcrumb\"},\"inLanguage\":\"de\",\"potentialAction\":[{\"@type\":\"ReadAction\",\"target\":[\"https:\/\/archiv.summerwinds.de\/summerwinds2022\/impressum\/\"]}]},{\"@type\":\"BreadcrumbList\",\"@id\":\"https:\/\/archiv.summerwinds.de\/summerwinds2022\/impressum\/#breadcrumb\",\"itemListElement\":[{\"@type\":\"ListItem\",\"position\":1,\"name\":\"Startseite\",\"item\":\"https:\/\/archiv.summerwinds.de\/summerwinds2022\/\"},{\"@type\":\"ListItem\",\"position\":2,\"name\":\"Impressum\"}]}]}<\/script>\n<!-- \/ Yoast SEO plugin. -->","yoast_head_json":{"title":"Impressum - summerwinds m\u00fcnsterland","robots":{"index":"index","follow":"follow","max-snippet":"max-snippet:-1","max-image-preview":"max-image-preview:large","max-video-preview":"max-video-preview:-1"},"canonical":"https:\/\/archiv.summerwinds.de\/summerwinds2022\/impressum\/","og_locale":"de_DE","og_type":"article","og_title":"Impressum - summerwinds m\u00fcnsterland","og_description":"Angaben gem\u00e4\u00df \u00a7 5 TMG Gesellschaft zur F\u00f6rderung der Westf\u00e4lischen Kulturarbeit e.V.F\u00fcrstenbergstra\u00dfe 1448147 M\u00fcnster Vereinsregister: 1320Registergericht: Amtsgericht M\u00fcnster Vertreten durch:Vorstand: Dr. Barbara R\u00fcschoff-Parzinger (Vorsitzende), Dr. Patrick Tegeder (Stellv. Vorsitzender\/Schatzmeister) und Dr. Peter N\u00f6lke Gesch\u00e4ftsf\u00fchrerin: Dr. Susanne Schulte Kontakt Telefon: 0251 591 30 41Telefax: 0251 591 65 40E-Mail:\u00a0info@gwk-online.de Redaktionell Verantwortlicher GWK \u2013 Gesellschaft zur F\u00f6rderung der...mehr","og_url":"https:\/\/archiv.summerwinds.de\/summerwinds2022\/impressum\/","og_site_name":"summerwinds m\u00fcnsterland","article_publisher":"https:\/\/www.facebook.com\/summerwinds.de\/","article_modified_time":"2022-04-15T12:46:21+00:00","twitter_card":"summary_large_image","twitter_misc":{"Gesch\u00e4tzte Lesezeit":"2\u00a0Minuten"},"schema":{"@context":"https:\/\/schema.org","@graph":[{"@type":"Organization","@id":"https:\/\/archiv.summerwinds.de\/summerwinds2022\/#organization","name":"summerwinds m\u00fcnsterland","url":"https:\/\/archiv.summerwinds.de\/summerwinds2022\/","sameAs":["https:\/\/www.facebook.com\/summerwinds.de\/"],"logo":{"@type":"ImageObject","inLanguage":"de","@id":"https:\/\/archiv.summerwinds.de\/summerwinds2022\/#\/schema\/logo\/image\/","url":"https:\/\/www.summerwinds.de\/wp-content\/uploads\/2022\/02\/logo_sw_mobil.png","contentUrl":"https:\/\/www.summerwinds.de\/wp-content\/uploads\/2022\/02\/logo_sw_mobil.png","width":321,"height":120,"caption":"summerwinds m\u00fcnsterland"},"image":{"@id":"https:\/\/archiv.summerwinds.de\/summerwinds2022\/#\/schema\/logo\/image\/"}},{"@type":"WebSite","@id":"https:\/\/archiv.summerwinds.de\/summerwinds2022\/#website","url":"https:\/\/archiv.summerwinds.de\/summerwinds2022\/","name":"summerwinds m\u00fcnsterland","description":"Europas Holzbl\u00e4serfestival","publisher":{"@id":"https:\/\/archiv.summerwinds.de\/summerwinds2022\/#organization"},"potentialAction":[{"@type":"SearchAction","target":{"@type":"EntryPoint","urlTemplate":"https:\/\/archiv.summerwinds.de\/summerwinds2022\/?s={search_term_string}"},"query-input":"required name=search_term_string"}],"inLanguage":"de"},{"@type":"WebPage","@id":"https:\/\/archiv.summerwinds.de\/summerwinds2022\/impressum\/#webpage","url":"https:\/\/archiv.summerwinds.de\/summerwinds2022\/impressum\/","name":"Impressum - summerwinds m\u00fcnsterland","isPartOf":{"@id":"https:\/\/archiv.summerwinds.de\/summerwinds2022\/#website"},"datePublished":"2022-02-14T17:49:31+00:00","dateModified":"2022-04-15T12:46:21+00:00","breadcrumb":{"@id":"https:\/\/archiv.summerwinds.de\/summerwinds2022\/impressum\/#breadcrumb"},"inLanguage":"de","potentialAction":[{"@type":"ReadAction","target":["https:\/\/archiv.summerwinds.de\/summerwinds2022\/impressum\/"]}]},{"@type":"BreadcrumbList","@id":"https:\/\/archiv.summerwinds.de\/summerwinds2022\/impressum\/#breadcrumb","itemListElement":[{"@type":"ListItem","position":1,"name":"Startseite","item":"https:\/\/archiv.summerwinds.de\/summerwinds2022\/"},{"@type":"ListItem","position":2,"name":"Impressum"}]}]}},"_links":{"self":[{"href":"https:\/\/archiv.summerwinds.de\/summerwinds2022\/wp-json\/wp\/v2\/pages\/654","targetHints":{"allow":["GET"]}}],"collection":[{"href":"https:\/\/archiv.summerwinds.de\/summerwinds2022\/wp-json\/wp\/v2\/pages"}],"about":[{"href":"https:\/\/archiv.summerwinds.de\/summerwinds2022\/wp-json\/wp\/v2\/types\/page"}],"author":[{"embeddable":true,"href":"https:\/\/archiv.summerwinds.de\/summerwinds2022\/wp-json\/wp\/v2\/users\/1"}],"replies":[{"embeddable":true,"href":"https:\/\/archiv.summerwinds.de\/summerwinds2022\/wp-json\/wp\/v2\/comments?post=654"}],"version-history":[{"count":4,"href":"https:\/\/archiv.summerwinds.de\/summerwinds2022\/wp-json\/wp\/v2\/pages\/654\/revisions"}],"predecessor-version":[{"id":1528,"href":"https:\/\/archiv.summerwinds.de\/summerwinds2022\/wp-json\/wp\/v2\/pages\/654\/revisions\/1528"}],"wp:attachment":[{"href":"https:\/\/archiv.summerwinds.de\/summerwinds2022\/wp-json\/wp\/v2\/media?parent=654"}],"curies":[{"name":"wp","href":"https:\/\/api.w.org\/{rel}","templated":true}]}}