{"id":827,"date":"2022-02-17T10:58:37","date_gmt":"2022-02-17T09:58:37","guid":{"rendered":"https:\/\/archiv.summerwinds.de\/summerwinds2022\/?page_id=827"},"modified":"2022-04-15T14:05:57","modified_gmt":"2022-04-15T12:05:57","slug":"kontakt","status":"publish","type":"page","link":"https:\/\/archiv.summerwinds.de\/summerwinds2022\/kontakt\/","title":{"rendered":"Kontakt"},"content":{"rendered":"\n<p><strong>GWK \u2013 Gesellschaft zur F\u00f6rderung der Westf\u00e4lischen Kulturarbeit e.V.<\/strong><br>F\u00fcrstenbergstr. 14<br>48147 M\u00fcnster<\/p>\n\n\n\n<p>T 0251 591 30 41<br>F 0251 591 65 40<br><a href=\"mailto:info@gwk-online.de\">info@gwk-online.de<\/a><\/p>\n\n\n\n<p><\/p>\n\n\n\n<p>Sie k\u00f6nnen auch das Kontaktformular nutzen. Wir melden uns dann schnellstm\u00f6glich bei Ihnen zur\u00fcck.<\/p>\n\n\n<div class=\"wpforms-container wpforms-container-full\" id=\"wpforms-1305\"><form id=\"wpforms-form-1305\" class=\"wpforms-validate wpforms-form wpforms-ajax-form\" data-formid=\"1305\" method=\"post\" enctype=\"multipart\/form-data\" action=\"\/summerwinds2022\/wp-json\/wp\/v2\/pages\/827\" data-token=\"02b2952e7907df66e21337c4820208ed\"><noscript class=\"wpforms-error-noscript\">Bitte aktiviere JavaScript in deinem Browser, um dieses Formular fertigzustellen.<\/noscript><div class=\"wpforms-field-container\"><div id=\"wpforms-1305-field_0-container\" class=\"wpforms-field wpforms-field-name\" data-field-id=\"0\"><label class=\"wpforms-field-label\" for=\"wpforms-1305-field_0\">Name <span class=\"wpforms-required-label\">*<\/span><\/label><div class=\"wpforms-field-row wpforms-field-medium\"><div class=\"wpforms-field-row-block wpforms-first wpforms-one-half\"><input type=\"text\" id=\"wpforms-1305-field_0\" class=\"wpforms-field-name-first wpforms-field-required\" name=\"wpforms[fields][0][first]\" required><label for=\"wpforms-1305-field_0\" class=\"wpforms-field-sublabel after \">Vorname<\/label><\/div><div class=\"wpforms-field-row-block wpforms-one-half\"><input type=\"text\" id=\"wpforms-1305-field_0-last\" class=\"wpforms-field-name-last wpforms-field-required\" name=\"wpforms[fields][0][last]\" required><label for=\"wpforms-1305-field_0-last\" class=\"wpforms-field-sublabel after \">Nachname<\/label><\/div><\/div><\/div><div id=\"wpforms-1305-field_1-container\" class=\"wpforms-field wpforms-field-email\" data-field-id=\"1\"><label class=\"wpforms-field-label\" for=\"wpforms-1305-field_1\">Email <span class=\"wpforms-required-label\">*<\/span><\/label><input type=\"email\" id=\"wpforms-1305-field_1\" class=\"wpforms-field-medium wpforms-field-required\" name=\"wpforms[fields][1]\" required><\/div><div id=\"wpforms-1305-field_3-container\" class=\"wpforms-field wpforms-field-text\" data-field-id=\"3\"><label class=\"wpforms-field-label\" for=\"wpforms-1305-field_3\">Betreff<\/label><input type=\"text\" id=\"wpforms-1305-field_3\" class=\"wpforms-field-medium\" name=\"wpforms[fields][3]\" ><\/div><div id=\"wpforms-1305-field_2-container\" class=\"wpforms-field wpforms-field-textarea\" data-field-id=\"2\"><label class=\"wpforms-field-label\" for=\"wpforms-1305-field_2\">Nachricht <span class=\"wpforms-required-label\">*<\/span><\/label><textarea id=\"wpforms-1305-field_2\" class=\"wpforms-field-medium wpforms-field-required\" name=\"wpforms[fields][2]\" required><\/textarea><\/div><\/div><div class=\"wpforms-recaptcha-container wpforms-is-recaptcha\"><div class=\"g-recaptcha\" data-sitekey=\"6LfDXbofAAAAAGn-GKFWOrfHly0FCgoX3LwV0DZK\" data-size=\"invisible\"><\/div><\/div><div class=\"wpforms-submit-container\"><input type=\"hidden\" name=\"wpforms[id]\" value=\"1305\"><input type=\"hidden\" name=\"wpforms[author]\" value=\"1\"><button type=\"submit\" name=\"wpforms[submit]\" id=\"wpforms-submit-1305\" class=\"wpforms-submit\" data-alt-text=\"Senden...\" data-submit-text=\"Absenden\" aria-live=\"assertive\" value=\"wpforms-submit\">Absenden<\/button><img loading=\"lazy\" decoding=\"async\" src=\"https:\/\/archiv.summerwinds.de\/summerwinds2022\/wp-content\/plugins\/wpforms-lite\/assets\/images\/submit-spin.svg\" class=\"wpforms-submit-spinner\" style=\"display: none;\" width=\"26\" height=\"26\" alt=\"\"><\/div><\/form><\/div>  <!-- .wpforms-container -->","protected":false},"excerpt":{"rendered":"<p>GWK \u2013 Gesellschaft zur F\u00f6rderung der Westf\u00e4lischen Kulturarbeit e.V.F\u00fcrstenbergstr. 1448147 M\u00fcnster T 0251 591 30 41F 0251 591 65 40info@gwk-online.de Sie k\u00f6nnen auch das Kontaktformular nutzen. Wir melden uns dann schnellstm\u00f6glich bei Ihnen zur\u00fcck&#8230;.<a class=\"readmorelink link_with_chevron\" href=\"https:\/\/archiv.summerwinds.de\/summerwinds2022\/kontakt\/\">mehr<\/a><\/p>\n","protected":false},"author":1,"featured_media":0,"parent":0,"menu_order":0,"comment_status":"closed","ping_status":"closed","template":"","meta":{"neve_meta_sidebar":"","neve_meta_container":"","neve_meta_enable_content_width":"","neve_meta_content_width":0,"neve_meta_title_alignment":"","neve_meta_author_avatar":"","neve_post_elements_order":"","neve_meta_disable_header":"","neve_meta_disable_footer":"","neve_meta_disable_title":"","ngg_post_thumbnail":0,"footnotes":""},"class_list":["post-827","page","type-page","status-publish","hentry"],"acf":[],"yoast_head":"<!-- This site is optimized with the Yoast SEO plugin v19.1 - https:\/\/yoast.com\/wordpress\/plugins\/seo\/ -->\n<title>Kontakt - summerwinds m\u00fcnsterland<\/title>\n<meta name=\"robots\" content=\"index, follow, max-snippet:-1, max-image-preview:large, max-video-preview:-1\" \/>\n<link rel=\"canonical\" href=\"https:\/\/archiv.summerwinds.de\/summerwinds2022\/kontakt\/\" \/>\n<meta property=\"og:locale\" content=\"de_DE\" \/>\n<meta property=\"og:type\" content=\"article\" \/>\n<meta property=\"og:title\" content=\"Kontakt - summerwinds m\u00fcnsterland\" \/>\n<meta property=\"og:description\" content=\"GWK \u2013 Gesellschaft zur F\u00f6rderung der Westf\u00e4lischen Kulturarbeit e.V.F\u00fcrstenbergstr. 1448147 M\u00fcnster T 0251 591 30 41F 0251 591 65 40info@gwk-online.de Sie k\u00f6nnen auch das Kontaktformular nutzen. Wir melden uns dann schnellstm\u00f6glich bei Ihnen zur\u00fcck....mehr\" \/>\n<meta property=\"og:url\" content=\"https:\/\/archiv.summerwinds.de\/summerwinds2022\/kontakt\/\" \/>\n<meta property=\"og:site_name\" content=\"summerwinds m\u00fcnsterland\" \/>\n<meta property=\"article:publisher\" content=\"https:\/\/www.facebook.com\/summerwinds.de\/\" \/>\n<meta property=\"article:modified_time\" content=\"2022-04-15T12:05:57+00:00\" \/>\n<meta name=\"twitter:card\" content=\"summary_large_image\" \/>\n<script type=\"application\/ld+json\" class=\"yoast-schema-graph\">{\"@context\":\"https:\/\/schema.org\",\"@graph\":[{\"@type\":\"Organization\",\"@id\":\"https:\/\/archiv.summerwinds.de\/summerwinds2022\/#organization\",\"name\":\"summerwinds m\u00fcnsterland\",\"url\":\"https:\/\/archiv.summerwinds.de\/summerwinds2022\/\",\"sameAs\":[\"https:\/\/www.facebook.com\/summerwinds.de\/\"],\"logo\":{\"@type\":\"ImageObject\",\"inLanguage\":\"de\",\"@id\":\"https:\/\/archiv.summerwinds.de\/summerwinds2022\/#\/schema\/logo\/image\/\",\"url\":\"https:\/\/www.summerwinds.de\/wp-content\/uploads\/2022\/02\/logo_sw_mobil.png\",\"contentUrl\":\"https:\/\/www.summerwinds.de\/wp-content\/uploads\/2022\/02\/logo_sw_mobil.png\",\"width\":321,\"height\":120,\"caption\":\"summerwinds m\u00fcnsterland\"},\"image\":{\"@id\":\"https:\/\/archiv.summerwinds.de\/summerwinds2022\/#\/schema\/logo\/image\/\"}},{\"@type\":\"WebSite\",\"@id\":\"https:\/\/archiv.summerwinds.de\/summerwinds2022\/#website\",\"url\":\"https:\/\/archiv.summerwinds.de\/summerwinds2022\/\",\"name\":\"summerwinds m\u00fcnsterland\",\"description\":\"Europas Holzbl\u00e4serfestival\",\"publisher\":{\"@id\":\"https:\/\/archiv.summerwinds.de\/summerwinds2022\/#organization\"},\"potentialAction\":[{\"@type\":\"SearchAction\",\"target\":{\"@type\":\"EntryPoint\",\"urlTemplate\":\"https:\/\/archiv.summerwinds.de\/summerwinds2022\/?s={search_term_string}\"},\"query-input\":\"required name=search_term_string\"}],\"inLanguage\":\"de\"},{\"@type\":\"WebPage\",\"@id\":\"https:\/\/archiv.summerwinds.de\/summerwinds2022\/kontakt\/#webpage\",\"url\":\"https:\/\/archiv.summerwinds.de\/summerwinds2022\/kontakt\/\",\"name\":\"Kontakt - summerwinds m\u00fcnsterland\",\"isPartOf\":{\"@id\":\"https:\/\/archiv.summerwinds.de\/summerwinds2022\/#website\"},\"datePublished\":\"2022-02-17T09:58:37+00:00\",\"dateModified\":\"2022-04-15T12:05:57+00:00\",\"breadcrumb\":{\"@id\":\"https:\/\/archiv.summerwinds.de\/summerwinds2022\/kontakt\/#breadcrumb\"},\"inLanguage\":\"de\",\"potentialAction\":[{\"@type\":\"ReadAction\",\"target\":[\"https:\/\/archiv.summerwinds.de\/summerwinds2022\/kontakt\/\"]}]},{\"@type\":\"BreadcrumbList\",\"@id\":\"https:\/\/archiv.summerwinds.de\/summerwinds2022\/kontakt\/#breadcrumb\",\"itemListElement\":[{\"@type\":\"ListItem\",\"position\":1,\"name\":\"Startseite\",\"item\":\"https:\/\/archiv.summerwinds.de\/summerwinds2022\/\"},{\"@type\":\"ListItem\",\"position\":2,\"name\":\"Kontakt\"}]}]}<\/script>\n<!-- \/ Yoast SEO plugin. -->","yoast_head_json":{"title":"Kontakt - summerwinds m\u00fcnsterland","robots":{"index":"index","follow":"follow","max-snippet":"max-snippet:-1","max-image-preview":"max-image-preview:large","max-video-preview":"max-video-preview:-1"},"canonical":"https:\/\/archiv.summerwinds.de\/summerwinds2022\/kontakt\/","og_locale":"de_DE","og_type":"article","og_title":"Kontakt - summerwinds m\u00fcnsterland","og_description":"GWK \u2013 Gesellschaft zur F\u00f6rderung der Westf\u00e4lischen Kulturarbeit e.V.F\u00fcrstenbergstr. 1448147 M\u00fcnster T 0251 591 30 41F 0251 591 65 40info@gwk-online.de Sie k\u00f6nnen auch das Kontaktformular nutzen. Wir melden uns dann schnellstm\u00f6glich bei Ihnen zur\u00fcck....mehr","og_url":"https:\/\/archiv.summerwinds.de\/summerwinds2022\/kontakt\/","og_site_name":"summerwinds m\u00fcnsterland","article_publisher":"https:\/\/www.facebook.com\/summerwinds.de\/","article_modified_time":"2022-04-15T12:05:57+00:00","twitter_card":"summary_large_image","schema":{"@context":"https:\/\/schema.org","@graph":[{"@type":"Organization","@id":"https:\/\/archiv.summerwinds.de\/summerwinds2022\/#organization","name":"summerwinds m\u00fcnsterland","url":"https:\/\/archiv.summerwinds.de\/summerwinds2022\/","sameAs":["https:\/\/www.facebook.com\/summerwinds.de\/"],"logo":{"@type":"ImageObject","inLanguage":"de","@id":"https:\/\/archiv.summerwinds.de\/summerwinds2022\/#\/schema\/logo\/image\/","url":"https:\/\/www.summerwinds.de\/wp-content\/uploads\/2022\/02\/logo_sw_mobil.png","contentUrl":"https:\/\/www.summerwinds.de\/wp-content\/uploads\/2022\/02\/logo_sw_mobil.png","width":321,"height":120,"caption":"summerwinds m\u00fcnsterland"},"image":{"@id":"https:\/\/archiv.summerwinds.de\/summerwinds2022\/#\/schema\/logo\/image\/"}},{"@type":"WebSite","@id":"https:\/\/archiv.summerwinds.de\/summerwinds2022\/#website","url":"https:\/\/archiv.summerwinds.de\/summerwinds2022\/","name":"summerwinds m\u00fcnsterland","description":"Europas Holzbl\u00e4serfestival","publisher":{"@id":"https:\/\/archiv.summerwinds.de\/summerwinds2022\/#organization"},"potentialAction":[{"@type":"SearchAction","target":{"@type":"EntryPoint","urlTemplate":"https:\/\/archiv.summerwinds.de\/summerwinds2022\/?s={search_term_string}"},"query-input":"required name=search_term_string"}],"inLanguage":"de"},{"@type":"WebPage","@id":"https:\/\/archiv.summerwinds.de\/summerwinds2022\/kontakt\/#webpage","url":"https:\/\/archiv.summerwinds.de\/summerwinds2022\/kontakt\/","name":"Kontakt - summerwinds m\u00fcnsterland","isPartOf":{"@id":"https:\/\/archiv.summerwinds.de\/summerwinds2022\/#website"},"datePublished":"2022-02-17T09:58:37+00:00","dateModified":"2022-04-15T12:05:57+00:00","breadcrumb":{"@id":"https:\/\/archiv.summerwinds.de\/summerwinds2022\/kontakt\/#breadcrumb"},"inLanguage":"de","potentialAction":[{"@type":"ReadAction","target":["https:\/\/archiv.summerwinds.de\/summerwinds2022\/kontakt\/"]}]},{"@type":"BreadcrumbList","@id":"https:\/\/archiv.summerwinds.de\/summerwinds2022\/kontakt\/#breadcrumb","itemListElement":[{"@type":"ListItem","position":1,"name":"Startseite","item":"https:\/\/archiv.summerwinds.de\/summerwinds2022\/"},{"@type":"ListItem","position":2,"name":"Kontakt"}]}]}},"_links":{"self":[{"href":"https:\/\/archiv.summerwinds.de\/summerwinds2022\/wp-json\/wp\/v2\/pages\/827","targetHints":{"allow":["GET"]}}],"collection":[{"href":"https:\/\/archiv.summerwinds.de\/summerwinds2022\/wp-json\/wp\/v2\/pages"}],"about":[{"href":"https:\/\/archiv.summerwinds.de\/summerwinds2022\/wp-json\/wp\/v2\/types\/page"}],"author":[{"embeddable":true,"href":"https:\/\/archiv.summerwinds.de\/summerwinds2022\/wp-json\/wp\/v2\/users\/1"}],"replies":[{"embeddable":true,"href":"https:\/\/archiv.summerwinds.de\/summerwinds2022\/wp-json\/wp\/v2\/comments?post=827"}],"version-history":[{"count":5,"href":"https:\/\/archiv.summerwinds.de\/summerwinds2022\/wp-json\/wp\/v2\/pages\/827\/revisions"}],"predecessor-version":[{"id":1500,"href":"https:\/\/archiv.summerwinds.de\/summerwinds2022\/wp-json\/wp\/v2\/pages\/827\/revisions\/1500"}],"wp:attachment":[{"href":"https:\/\/archiv.summerwinds.de\/summerwinds2022\/wp-json\/wp\/v2\/media?parent=827"}],"curies":[{"name":"wp","href":"https:\/\/api.w.org\/{rel}","templated":true}]}}